{"id":4046,"date":"2020-05-12T14:04:23","date_gmt":"2020-05-12T12:04:23","guid":{"rendered":"https:\/\/www.cintropur.com\/wasserfilter-mit-manschette\/"},"modified":"2026-01-30T14:29:37","modified_gmt":"2026-01-30T13:29:37","slug":"filtre-a-eau-avec-tamis-cintropur","status":"publish","type":"page","link":"https:\/\/www.cintropur.com\/fr\/produits\/categories\/filtre-a-eau-avec-tamis-cintropur\/","title":{"rendered":"Filtre \u00e0 eau avec tamis"},"content":{"rendered":"","protected":false},"excerpt":{"rendered":"","protected":false},"author":9,"featured_media":0,"parent":4088,"menu_order":0,"comment_status":"closed","ping_status":"closed","template":"","meta":{"_acf_changed":false,"footnotes":""},"class_list":["post-4046","page","type-page","status-publish","hentry"],"acf":[],"yoast_head":"<!-- This site is optimized with the Yoast SEO plugin v27.3 - https:\/\/yoast.com\/product\/yoast-seo-wordpress\/ -->\n<title>Filtre \u00e0 eau avec tamis de chez Cintropur<\/title>\n<meta name=\"description\" content=\"Plus de 30 filtres \u00e0 eau avec tamis Cintropur fabriqu\u00e9s en Belgique. Finesses de tamis de 1 \u00e0 300\u00b5m. Plus de 700 points de vente.\" \/>\n<meta name=\"robots\" content=\"index, follow, max-snippet:-1, max-image-preview:large, max-video-preview:-1\" \/>\n<link rel=\"canonical\" href=\"https:\/\/www.cintropur.com\/fr\/produits\/categories\/filtre-a-eau-avec-tamis-cintropur\/\" \/>\n<meta property=\"og:locale\" content=\"fr_FR\" \/>\n<meta property=\"og:type\" content=\"article\" \/>\n<meta property=\"og:title\" content=\"Filtre \u00e0 eau avec tamis de chez Cintropur\" \/>\n<meta property=\"og:description\" content=\"Plus de 30 filtres \u00e0 eau avec tamis Cintropur fabriqu\u00e9s en Belgique. Finesses de tamis de 1 \u00e0 300\u00b5m. Plus de 700 points de vente.\" \/>\n<meta property=\"og:url\" content=\"https:\/\/www.cintropur.com\/fr\/produits\/categories\/filtre-a-eau-avec-tamis-cintropur\/\" \/>\n<meta property=\"og:site_name\" content=\"Cintropur\" \/>\n<meta property=\"article:modified_time\" content=\"2026-01-30T13:29:37+00:00\" \/>\n<meta name=\"twitter:card\" content=\"summary_large_image\" \/>\n<script type=\"application\/ld+json\" class=\"yoast-schema-graph\">{\"@context\":\"https:\\\/\\\/schema.org\",\"@graph\":[{\"@type\":\"WebPage\",\"@id\":\"https:\\\/\\\/www.cintropur.com\\\/fr\\\/produits\\\/categories\\\/filtre-a-eau-avec-tamis-cintropur\\\/\",\"url\":\"https:\\\/\\\/www.cintropur.com\\\/fr\\\/produits\\\/categories\\\/filtre-a-eau-avec-tamis-cintropur\\\/\",\"name\":\"Filtre \u00e0 eau avec tamis de chez Cintropur\",\"isPartOf\":{\"@id\":\"https:\\\/\\\/www.cintropur.com\\\/fr\\\/#website\"},\"datePublished\":\"2020-05-12T12:04:23+00:00\",\"dateModified\":\"2026-01-30T13:29:37+00:00\",\"description\":\"Plus de 30 filtres \u00e0 eau avec tamis Cintropur fabriqu\u00e9s en Belgique. Finesses de tamis de 1 \u00e0 300\u00b5m. Plus de 700 points de vente.\",\"breadcrumb\":{\"@id\":\"https:\\\/\\\/www.cintropur.com\\\/fr\\\/produits\\\/categories\\\/filtre-a-eau-avec-tamis-cintropur\\\/#breadcrumb\"},\"inLanguage\":\"fr-FR\",\"potentialAction\":[{\"@type\":\"ReadAction\",\"target\":[\"https:\\\/\\\/www.cintropur.com\\\/fr\\\/produits\\\/categories\\\/filtre-a-eau-avec-tamis-cintropur\\\/\"]}]},{\"@type\":\"BreadcrumbList\",\"@id\":\"https:\\\/\\\/www.cintropur.com\\\/fr\\\/produits\\\/categories\\\/filtre-a-eau-avec-tamis-cintropur\\\/#breadcrumb\",\"itemListElement\":[{\"@type\":\"ListItem\",\"position\":1,\"name\":\"Home\",\"item\":\"https:\\\/\\\/www.cintropur.com\\\/fr\\\/\"},{\"@type\":\"ListItem\",\"position\":2,\"name\":\"Produits\",\"item\":\"https:\\\/\\\/www.cintropur.com\\\/fr\\\/produkte\\\/\"},{\"@type\":\"ListItem\",\"position\":3,\"name\":\"Cat\u00e9gories de produits\",\"item\":\"https:\\\/\\\/www.cintropur.com\\\/fr\\\/produkte\\\/kategorien\\\/\"},{\"@type\":\"ListItem\",\"position\":4,\"name\":\"Filtre \u00e0 eau avec tamis\"}]},{\"@type\":\"WebSite\",\"@id\":\"https:\\\/\\\/www.cintropur.com\\\/fr\\\/#website\",\"url\":\"https:\\\/\\\/www.cintropur.com\\\/fr\\\/\",\"name\":\"Cintropur\",\"description\":\"\",\"potentialAction\":[{\"@type\":\"SearchAction\",\"target\":{\"@type\":\"EntryPoint\",\"urlTemplate\":\"https:\\\/\\\/www.cintropur.com\\\/fr\\\/?s={search_term_string}\"},\"query-input\":{\"@type\":\"PropertyValueSpecification\",\"valueRequired\":true,\"valueName\":\"search_term_string\"}}],\"inLanguage\":\"fr-FR\"}]}<\/script>\n<!-- \/ Yoast SEO plugin. -->","yoast_head_json":{"title":"Filtre \u00e0 eau avec tamis de chez Cintropur","description":"Plus de 30 filtres \u00e0 eau avec tamis Cintropur fabriqu\u00e9s en Belgique. Finesses de tamis de 1 \u00e0 300\u00b5m. Plus de 700 points de vente.","robots":{"index":"index","follow":"follow","max-snippet":"max-snippet:-1","max-image-preview":"max-image-preview:large","max-video-preview":"max-video-preview:-1"},"canonical":"https:\/\/www.cintropur.com\/fr\/produits\/categories\/filtre-a-eau-avec-tamis-cintropur\/","og_locale":"fr_FR","og_type":"article","og_title":"Filtre \u00e0 eau avec tamis de chez Cintropur","og_description":"Plus de 30 filtres \u00e0 eau avec tamis Cintropur fabriqu\u00e9s en Belgique. Finesses de tamis de 1 \u00e0 300\u00b5m. Plus de 700 points de vente.","og_url":"https:\/\/www.cintropur.com\/fr\/produits\/categories\/filtre-a-eau-avec-tamis-cintropur\/","og_site_name":"Cintropur","article_modified_time":"2026-01-30T13:29:37+00:00","twitter_card":"summary_large_image","schema":{"@context":"https:\/\/schema.org","@graph":[{"@type":"WebPage","@id":"https:\/\/www.cintropur.com\/fr\/produits\/categories\/filtre-a-eau-avec-tamis-cintropur\/","url":"https:\/\/www.cintropur.com\/fr\/produits\/categories\/filtre-a-eau-avec-tamis-cintropur\/","name":"Filtre \u00e0 eau avec tamis de chez Cintropur","isPartOf":{"@id":"https:\/\/www.cintropur.com\/fr\/#website"},"datePublished":"2020-05-12T12:04:23+00:00","dateModified":"2026-01-30T13:29:37+00:00","description":"Plus de 30 filtres \u00e0 eau avec tamis Cintropur fabriqu\u00e9s en Belgique. Finesses de tamis de 1 \u00e0 300\u00b5m. Plus de 700 points de vente.","breadcrumb":{"@id":"https:\/\/www.cintropur.com\/fr\/produits\/categories\/filtre-a-eau-avec-tamis-cintropur\/#breadcrumb"},"inLanguage":"fr-FR","potentialAction":[{"@type":"ReadAction","target":["https:\/\/www.cintropur.com\/fr\/produits\/categories\/filtre-a-eau-avec-tamis-cintropur\/"]}]},{"@type":"BreadcrumbList","@id":"https:\/\/www.cintropur.com\/fr\/produits\/categories\/filtre-a-eau-avec-tamis-cintropur\/#breadcrumb","itemListElement":[{"@type":"ListItem","position":1,"name":"Home","item":"https:\/\/www.cintropur.com\/fr\/"},{"@type":"ListItem","position":2,"name":"Produits","item":"https:\/\/www.cintropur.com\/fr\/produkte\/"},{"@type":"ListItem","position":3,"name":"Cat\u00e9gories de produits","item":"https:\/\/www.cintropur.com\/fr\/produkte\/kategorien\/"},{"@type":"ListItem","position":4,"name":"Filtre \u00e0 eau avec tamis"}]},{"@type":"WebSite","@id":"https:\/\/www.cintropur.com\/fr\/#website","url":"https:\/\/www.cintropur.com\/fr\/","name":"Cintropur","description":"","potentialAction":[{"@type":"SearchAction","target":{"@type":"EntryPoint","urlTemplate":"https:\/\/www.cintropur.com\/fr\/?s={search_term_string}"},"query-input":{"@type":"PropertyValueSpecification","valueRequired":true,"valueName":"search_term_string"}}],"inLanguage":"fr-FR"}]}},"_links":{"self":[{"href":"https:\/\/www.cintropur.com\/fr\/wp-json\/wp\/v2\/pages\/4046","targetHints":{"allow":["GET"]}}],"collection":[{"href":"https:\/\/www.cintropur.com\/fr\/wp-json\/wp\/v2\/pages"}],"about":[{"href":"https:\/\/www.cintropur.com\/fr\/wp-json\/wp\/v2\/types\/page"}],"author":[{"embeddable":true,"href":"https:\/\/www.cintropur.com\/fr\/wp-json\/wp\/v2\/users\/9"}],"replies":[{"embeddable":true,"href":"https:\/\/www.cintropur.com\/fr\/wp-json\/wp\/v2\/comments?post=4046"}],"version-history":[{"count":14,"href":"https:\/\/www.cintropur.com\/fr\/wp-json\/wp\/v2\/pages\/4046\/revisions"}],"predecessor-version":[{"id":10389,"href":"https:\/\/www.cintropur.com\/fr\/wp-json\/wp\/v2\/pages\/4046\/revisions\/10389"}],"up":[{"embeddable":true,"href":"https:\/\/www.cintropur.com\/fr\/wp-json\/wp\/v2\/pages\/4088"}],"wp:attachment":[{"href":"https:\/\/www.cintropur.com\/fr\/wp-json\/wp\/v2\/media?parent=4046"}],"curies":[{"name":"wp","href":"https:\/\/api.w.org\/{rel}","templated":true}]}}