{"id":3612,"date":"2020-04-18T14:27:10","date_gmt":"2020-04-18T12:27:10","guid":{"rendered":"https:\/\/www.cintropur.com\/product\/nw-650-2-1-2\/"},"modified":"2025-08-27T16:24:42","modified_gmt":"2025-08-27T14:24:42","slug":"fwccnw650","status":"publish","type":"product","link":"https:\/\/www.cintropur.com\/fr\/product\/fwccnw650\/","title":{"rendered":"NW 650 2 1\/2&Prime;"},"content":{"rendered":"","protected":false},"template":"","productcat":[37,35],"sector":[62],"application":[67,68,69,70],"class_list":["post-3612","product","type-product","status-publish","hentry","productcat-water-filtration-fr","productcat-industrial-fr","sector-industrial-fr","application-drinking-water-fr","application-rain-water-fr","application-spring-water-fr","application-well-water-fr"],"acf":[],"yoast_head":"<!-- This site is optimized with the Yoast SEO plugin v27.3 - https:\/\/yoast.com\/product\/yoast-seo-wordpress\/ -->\n<title>NW 650 2 1\/2&quot; - Cintropur<\/title>\n<meta name=\"description\" content=\"Le filtre NW 650 2 1\/2&quot;, gr\u00e2ce \u00e0 ses tamis et son d\u00e9bit de 25m\u00b3\/h, vous offre une filtration optimale de l&#039;eau dans l&#039;industrie.\" \/>\n<meta name=\"robots\" content=\"index, follow, max-snippet:-1, max-image-preview:large, max-video-preview:-1\" \/>\n<link rel=\"canonical\" href=\"https:\/\/www.cintropur.com\/fr\/product\/fwccnw650\/\" \/>\n<meta property=\"og:locale\" content=\"fr_FR\" \/>\n<meta property=\"og:type\" content=\"article\" \/>\n<meta property=\"og:title\" content=\"NW 650 2 1\/2&quot; - Cintropur\" \/>\n<meta property=\"og:description\" content=\"Le filtre NW 650 2 1\/2&quot;, gr\u00e2ce \u00e0 ses tamis et son d\u00e9bit de 25m\u00b3\/h, vous offre une filtration optimale de l&#039;eau dans l&#039;industrie.\" \/>\n<meta property=\"og:url\" content=\"https:\/\/www.cintropur.com\/fr\/product\/fwccnw650\/\" \/>\n<meta property=\"og:site_name\" content=\"Cintropur\" \/>\n<meta property=\"article:modified_time\" content=\"2025-08-27T14:24:42+00:00\" \/>\n<meta name=\"twitter:card\" content=\"summary_large_image\" \/>\n<script type=\"application\/ld+json\" class=\"yoast-schema-graph\">{\"@context\":\"https:\\\/\\\/schema.org\",\"@graph\":[{\"@type\":\"WebPage\",\"@id\":\"https:\\\/\\\/www.cintropur.com\\\/fr\\\/product\\\/fwccnw650\\\/\",\"url\":\"https:\\\/\\\/www.cintropur.com\\\/fr\\\/product\\\/fwccnw650\\\/\",\"name\":\"NW 650 2 1\\\/2\\\" - Cintropur\",\"isPartOf\":{\"@id\":\"https:\\\/\\\/www.cintropur.com\\\/fr\\\/#website\"},\"datePublished\":\"2020-04-18T12:27:10+00:00\",\"dateModified\":\"2025-08-27T14:24:42+00:00\",\"description\":\"Le filtre NW 650 2 1\\\/2\\\", gr\u00e2ce \u00e0 ses tamis et son d\u00e9bit de 25m\u00b3\\\/h, vous offre une filtration optimale de l'eau dans l'industrie.\",\"breadcrumb\":{\"@id\":\"https:\\\/\\\/www.cintropur.com\\\/fr\\\/product\\\/fwccnw650\\\/#breadcrumb\"},\"inLanguage\":\"fr-FR\",\"potentialAction\":[{\"@type\":\"ReadAction\",\"target\":[\"https:\\\/\\\/www.cintropur.com\\\/fr\\\/product\\\/fwccnw650\\\/\"]}]},{\"@type\":\"BreadcrumbList\",\"@id\":\"https:\\\/\\\/www.cintropur.com\\\/fr\\\/product\\\/fwccnw650\\\/#breadcrumb\",\"itemListElement\":[{\"@type\":\"ListItem\",\"position\":1,\"name\":\"Home\",\"item\":\"https:\\\/\\\/www.cintropur.com\\\/fr\\\/\"},{\"@type\":\"ListItem\",\"position\":2,\"name\":\"NW 650 2 1\\\/2&#8243;\"}]},{\"@type\":\"WebSite\",\"@id\":\"https:\\\/\\\/www.cintropur.com\\\/fr\\\/#website\",\"url\":\"https:\\\/\\\/www.cintropur.com\\\/fr\\\/\",\"name\":\"Cintropur\",\"description\":\"\",\"potentialAction\":[{\"@type\":\"SearchAction\",\"target\":{\"@type\":\"EntryPoint\",\"urlTemplate\":\"https:\\\/\\\/www.cintropur.com\\\/fr\\\/?s={search_term_string}\"},\"query-input\":{\"@type\":\"PropertyValueSpecification\",\"valueRequired\":true,\"valueName\":\"search_term_string\"}}],\"inLanguage\":\"fr-FR\"}]}<\/script>\n<!-- \/ Yoast SEO plugin. -->","yoast_head_json":{"title":"NW 650 2 1\/2\" - Cintropur","description":"Le filtre NW 650 2 1\/2\", gr\u00e2ce \u00e0 ses tamis et son d\u00e9bit de 25m\u00b3\/h, vous offre une filtration optimale de l'eau dans l'industrie.","robots":{"index":"index","follow":"follow","max-snippet":"max-snippet:-1","max-image-preview":"max-image-preview:large","max-video-preview":"max-video-preview:-1"},"canonical":"https:\/\/www.cintropur.com\/fr\/product\/fwccnw650\/","og_locale":"fr_FR","og_type":"article","og_title":"NW 650 2 1\/2\" - Cintropur","og_description":"Le filtre NW 650 2 1\/2\", gr\u00e2ce \u00e0 ses tamis et son d\u00e9bit de 25m\u00b3\/h, vous offre une filtration optimale de l'eau dans l'industrie.","og_url":"https:\/\/www.cintropur.com\/fr\/product\/fwccnw650\/","og_site_name":"Cintropur","article_modified_time":"2025-08-27T14:24:42+00:00","twitter_card":"summary_large_image","schema":{"@context":"https:\/\/schema.org","@graph":[{"@type":"WebPage","@id":"https:\/\/www.cintropur.com\/fr\/product\/fwccnw650\/","url":"https:\/\/www.cintropur.com\/fr\/product\/fwccnw650\/","name":"NW 650 2 1\/2\" - Cintropur","isPartOf":{"@id":"https:\/\/www.cintropur.com\/fr\/#website"},"datePublished":"2020-04-18T12:27:10+00:00","dateModified":"2025-08-27T14:24:42+00:00","description":"Le filtre NW 650 2 1\/2\", gr\u00e2ce \u00e0 ses tamis et son d\u00e9bit de 25m\u00b3\/h, vous offre une filtration optimale de l'eau dans l'industrie.","breadcrumb":{"@id":"https:\/\/www.cintropur.com\/fr\/product\/fwccnw650\/#breadcrumb"},"inLanguage":"fr-FR","potentialAction":[{"@type":"ReadAction","target":["https:\/\/www.cintropur.com\/fr\/product\/fwccnw650\/"]}]},{"@type":"BreadcrumbList","@id":"https:\/\/www.cintropur.com\/fr\/product\/fwccnw650\/#breadcrumb","itemListElement":[{"@type":"ListItem","position":1,"name":"Home","item":"https:\/\/www.cintropur.com\/fr\/"},{"@type":"ListItem","position":2,"name":"NW 650 2 1\/2&#8243;"}]},{"@type":"WebSite","@id":"https:\/\/www.cintropur.com\/fr\/#website","url":"https:\/\/www.cintropur.com\/fr\/","name":"Cintropur","description":"","potentialAction":[{"@type":"SearchAction","target":{"@type":"EntryPoint","urlTemplate":"https:\/\/www.cintropur.com\/fr\/?s={search_term_string}"},"query-input":{"@type":"PropertyValueSpecification","valueRequired":true,"valueName":"search_term_string"}}],"inLanguage":"fr-FR"}]}},"_links":{"self":[{"href":"https:\/\/www.cintropur.com\/fr\/wp-json\/wp\/v2\/product\/3612","targetHints":{"allow":["GET"]}}],"collection":[{"href":"https:\/\/www.cintropur.com\/fr\/wp-json\/wp\/v2\/product"}],"about":[{"href":"https:\/\/www.cintropur.com\/fr\/wp-json\/wp\/v2\/types\/product"}],"wp:attachment":[{"href":"https:\/\/www.cintropur.com\/fr\/wp-json\/wp\/v2\/media?parent=3612"}],"wp:term":[{"taxonomy":"productcat","embeddable":true,"href":"https:\/\/www.cintropur.com\/fr\/wp-json\/wp\/v2\/productcat?post=3612"},{"taxonomy":"sector","embeddable":true,"href":"https:\/\/www.cintropur.com\/fr\/wp-json\/wp\/v2\/sector?post=3612"},{"taxonomy":"application","embeddable":true,"href":"https:\/\/www.cintropur.com\/fr\/wp-json\/wp\/v2\/application?post=3612"}],"curies":[{"name":"wp","href":"https:\/\/api.w.org\/{rel}","templated":true}]}}