{"id":3743,"date":"2020-04-18T14:27:09","date_gmt":"2020-04-18T12:27:09","guid":{"rendered":"https:\/\/www.cintropur.com\/product\/filterglocke-nw-25\/"},"modified":"2024-08-27T15:57:36","modified_gmt":"2024-08-27T13:57:36","slug":"cloche-avec-vue-sur-le-filtre","status":"publish","type":"product","link":"https:\/\/www.cintropur.com\/fr\/product\/cloche-avec-vue-sur-le-filtre\/","title":{"rendered":"Cloche transparente NW 25"},"content":{"rendered":"","protected":false},"template":"","productcat":[34,37,36],"sector":[61],"application":[67,68,69,70],"class_list":["post-3743","product","type-product","status-publish","hentry","productcat-consommables","productcat-water-filtration-fr","productcat-residential-domestical-smart-line","sector-domestical-fr","application-drinking-water-fr","application-rain-water-fr","application-spring-water-fr","application-well-water-fr"],"acf":[],"yoast_head":"<!-- This site is optimized with the Yoast SEO plugin v27.3 - https:\/\/yoast.com\/product\/yoast-seo-wordpress\/ -->\n<title>Cloche transparente NW 25 - Cintropur<\/title>\n<meta name=\"description\" content=\"Votre tamis peut avoir tendance \u00e0 s&#039;encrasser, l&#039;utilisation d&#039;une cloche transparente est donc recommand\u00e9e pour contr\u00f4ler son \u00e9tat.\" \/>\n<meta name=\"robots\" content=\"index, follow, max-snippet:-1, max-image-preview:large, max-video-preview:-1\" \/>\n<link rel=\"canonical\" href=\"https:\/\/www.cintropur.com\/fr\/product\/cloche-avec-vue-sur-le-filtre\/\" \/>\n<meta property=\"og:locale\" content=\"fr_FR\" \/>\n<meta property=\"og:type\" content=\"article\" \/>\n<meta property=\"og:title\" content=\"Cloche transparente NW 25 - Cintropur\" \/>\n<meta property=\"og:description\" content=\"Votre tamis peut avoir tendance \u00e0 s&#039;encrasser, l&#039;utilisation d&#039;une cloche transparente est donc recommand\u00e9e pour contr\u00f4ler son \u00e9tat.\" \/>\n<meta property=\"og:url\" content=\"https:\/\/www.cintropur.com\/fr\/product\/cloche-avec-vue-sur-le-filtre\/\" \/>\n<meta property=\"og:site_name\" content=\"Cintropur\" \/>\n<meta property=\"article:modified_time\" content=\"2024-08-27T13:57:36+00:00\" \/>\n<meta name=\"twitter:card\" content=\"summary_large_image\" \/>\n<script type=\"application\/ld+json\" class=\"yoast-schema-graph\">{\"@context\":\"https:\\\/\\\/schema.org\",\"@graph\":[{\"@type\":\"WebPage\",\"@id\":\"https:\\\/\\\/www.cintropur.com\\\/fr\\\/product\\\/cloche-avec-vue-sur-le-filtre\\\/\",\"url\":\"https:\\\/\\\/www.cintropur.com\\\/fr\\\/product\\\/cloche-avec-vue-sur-le-filtre\\\/\",\"name\":\"Cloche transparente NW 25 - Cintropur\",\"isPartOf\":{\"@id\":\"https:\\\/\\\/www.cintropur.com\\\/fr\\\/#website\"},\"datePublished\":\"2020-04-18T12:27:09+00:00\",\"dateModified\":\"2024-08-27T13:57:36+00:00\",\"description\":\"Votre tamis peut avoir tendance \u00e0 s'encrasser, l'utilisation d'une cloche transparente est donc recommand\u00e9e pour contr\u00f4ler son \u00e9tat.\",\"breadcrumb\":{\"@id\":\"https:\\\/\\\/www.cintropur.com\\\/fr\\\/product\\\/cloche-avec-vue-sur-le-filtre\\\/#breadcrumb\"},\"inLanguage\":\"fr-FR\",\"potentialAction\":[{\"@type\":\"ReadAction\",\"target\":[\"https:\\\/\\\/www.cintropur.com\\\/fr\\\/product\\\/cloche-avec-vue-sur-le-filtre\\\/\"]}]},{\"@type\":\"BreadcrumbList\",\"@id\":\"https:\\\/\\\/www.cintropur.com\\\/fr\\\/product\\\/cloche-avec-vue-sur-le-filtre\\\/#breadcrumb\",\"itemListElement\":[{\"@type\":\"ListItem\",\"position\":1,\"name\":\"Home\",\"item\":\"https:\\\/\\\/www.cintropur.com\\\/fr\\\/\"},{\"@type\":\"ListItem\",\"position\":2,\"name\":\"Cloche transparente NW 25\"}]},{\"@type\":\"WebSite\",\"@id\":\"https:\\\/\\\/www.cintropur.com\\\/fr\\\/#website\",\"url\":\"https:\\\/\\\/www.cintropur.com\\\/fr\\\/\",\"name\":\"Cintropur\",\"description\":\"\",\"potentialAction\":[{\"@type\":\"SearchAction\",\"target\":{\"@type\":\"EntryPoint\",\"urlTemplate\":\"https:\\\/\\\/www.cintropur.com\\\/fr\\\/?s={search_term_string}\"},\"query-input\":{\"@type\":\"PropertyValueSpecification\",\"valueRequired\":true,\"valueName\":\"search_term_string\"}}],\"inLanguage\":\"fr-FR\"}]}<\/script>\n<!-- \/ Yoast SEO plugin. -->","yoast_head_json":{"title":"Cloche transparente NW 25 - Cintropur","description":"Votre tamis peut avoir tendance \u00e0 s'encrasser, l'utilisation d'une cloche transparente est donc recommand\u00e9e pour contr\u00f4ler son \u00e9tat.","robots":{"index":"index","follow":"follow","max-snippet":"max-snippet:-1","max-image-preview":"max-image-preview:large","max-video-preview":"max-video-preview:-1"},"canonical":"https:\/\/www.cintropur.com\/fr\/product\/cloche-avec-vue-sur-le-filtre\/","og_locale":"fr_FR","og_type":"article","og_title":"Cloche transparente NW 25 - Cintropur","og_description":"Votre tamis peut avoir tendance \u00e0 s'encrasser, l'utilisation d'une cloche transparente est donc recommand\u00e9e pour contr\u00f4ler son \u00e9tat.","og_url":"https:\/\/www.cintropur.com\/fr\/product\/cloche-avec-vue-sur-le-filtre\/","og_site_name":"Cintropur","article_modified_time":"2024-08-27T13:57:36+00:00","twitter_card":"summary_large_image","schema":{"@context":"https:\/\/schema.org","@graph":[{"@type":"WebPage","@id":"https:\/\/www.cintropur.com\/fr\/product\/cloche-avec-vue-sur-le-filtre\/","url":"https:\/\/www.cintropur.com\/fr\/product\/cloche-avec-vue-sur-le-filtre\/","name":"Cloche transparente NW 25 - Cintropur","isPartOf":{"@id":"https:\/\/www.cintropur.com\/fr\/#website"},"datePublished":"2020-04-18T12:27:09+00:00","dateModified":"2024-08-27T13:57:36+00:00","description":"Votre tamis peut avoir tendance \u00e0 s'encrasser, l'utilisation d'une cloche transparente est donc recommand\u00e9e pour contr\u00f4ler son \u00e9tat.","breadcrumb":{"@id":"https:\/\/www.cintropur.com\/fr\/product\/cloche-avec-vue-sur-le-filtre\/#breadcrumb"},"inLanguage":"fr-FR","potentialAction":[{"@type":"ReadAction","target":["https:\/\/www.cintropur.com\/fr\/product\/cloche-avec-vue-sur-le-filtre\/"]}]},{"@type":"BreadcrumbList","@id":"https:\/\/www.cintropur.com\/fr\/product\/cloche-avec-vue-sur-le-filtre\/#breadcrumb","itemListElement":[{"@type":"ListItem","position":1,"name":"Home","item":"https:\/\/www.cintropur.com\/fr\/"},{"@type":"ListItem","position":2,"name":"Cloche transparente NW 25"}]},{"@type":"WebSite","@id":"https:\/\/www.cintropur.com\/fr\/#website","url":"https:\/\/www.cintropur.com\/fr\/","name":"Cintropur","description":"","potentialAction":[{"@type":"SearchAction","target":{"@type":"EntryPoint","urlTemplate":"https:\/\/www.cintropur.com\/fr\/?s={search_term_string}"},"query-input":{"@type":"PropertyValueSpecification","valueRequired":true,"valueName":"search_term_string"}}],"inLanguage":"fr-FR"}]}},"_links":{"self":[{"href":"https:\/\/www.cintropur.com\/fr\/wp-json\/wp\/v2\/product\/3743","targetHints":{"allow":["GET"]}}],"collection":[{"href":"https:\/\/www.cintropur.com\/fr\/wp-json\/wp\/v2\/product"}],"about":[{"href":"https:\/\/www.cintropur.com\/fr\/wp-json\/wp\/v2\/types\/product"}],"wp:attachment":[{"href":"https:\/\/www.cintropur.com\/fr\/wp-json\/wp\/v2\/media?parent=3743"}],"wp:term":[{"taxonomy":"productcat","embeddable":true,"href":"https:\/\/www.cintropur.com\/fr\/wp-json\/wp\/v2\/productcat?post=3743"},{"taxonomy":"sector","embeddable":true,"href":"https:\/\/www.cintropur.com\/fr\/wp-json\/wp\/v2\/sector?post=3743"},{"taxonomy":"application","embeddable":true,"href":"https:\/\/www.cintropur.com\/fr\/wp-json\/wp\/v2\/application?post=3743"}],"curies":[{"name":"wp","href":"https:\/\/api.w.org\/{rel}","templated":true}]}}