{"id":3747,"date":"2020-04-18T14:27:09","date_gmt":"2020-04-18T12:27:09","guid":{"rendered":"https:\/\/www.cintropur.com\/product\/entleerungschraube\/"},"modified":"2024-08-27T15:58:13","modified_gmt":"2024-08-27T13:58:13","slug":"set-vis-et-o-ring","status":"publish","type":"product","link":"https:\/\/www.cintropur.com\/fr\/product\/set-vis-et-o-ring\/","title":{"rendered":"Vis purgeur simple NW 18-800"},"content":{"rendered":"","protected":false},"template":"","productcat":[34,37,36,35],"sector":[61,62],"application":[67,68,69,70],"class_list":["post-3747","product","type-product","status-publish","hentry","productcat-consommables","productcat-water-filtration-fr","productcat-residential-domestical-smart-line","productcat-industrial-fr","sector-domestical-fr","sector-industrial-fr","application-drinking-water-fr","application-rain-water-fr","application-spring-water-fr","application-well-water-fr"],"acf":[],"yoast_head":"<!-- This site is optimized with the Yoast SEO plugin v27.3 - https:\/\/yoast.com\/product\/yoast-seo-wordpress\/ -->\n<title>Vis purgeur simple NW 18-800 - Cintropur<\/title>\n<meta name=\"description\" content=\"Cette vis de purge \u00e9quip\u00e9e de son o-ring est pr\u00e9sente, sauf pour la gamme Smart Line, sur tous les filtres Cintropur.\" \/>\n<meta name=\"robots\" content=\"index, follow, max-snippet:-1, max-image-preview:large, max-video-preview:-1\" \/>\n<link rel=\"canonical\" href=\"https:\/\/www.cintropur.com\/fr\/product\/set-vis-et-o-ring\/\" \/>\n<meta property=\"og:locale\" content=\"fr_FR\" \/>\n<meta property=\"og:type\" content=\"article\" \/>\n<meta property=\"og:title\" content=\"Vis purgeur simple NW 18-800 - Cintropur\" \/>\n<meta property=\"og:description\" content=\"Cette vis de purge \u00e9quip\u00e9e de son o-ring est pr\u00e9sente, sauf pour la gamme Smart Line, sur tous les filtres Cintropur.\" \/>\n<meta property=\"og:url\" content=\"https:\/\/www.cintropur.com\/fr\/product\/set-vis-et-o-ring\/\" \/>\n<meta property=\"og:site_name\" content=\"Cintropur\" \/>\n<meta property=\"article:modified_time\" content=\"2024-08-27T13:58:13+00:00\" \/>\n<meta name=\"twitter:card\" content=\"summary_large_image\" \/>\n<script type=\"application\/ld+json\" class=\"yoast-schema-graph\">{\"@context\":\"https:\\\/\\\/schema.org\",\"@graph\":[{\"@type\":\"WebPage\",\"@id\":\"https:\\\/\\\/www.cintropur.com\\\/fr\\\/product\\\/set-vis-et-o-ring\\\/\",\"url\":\"https:\\\/\\\/www.cintropur.com\\\/fr\\\/product\\\/set-vis-et-o-ring\\\/\",\"name\":\"Vis purgeur simple NW 18-800 - Cintropur\",\"isPartOf\":{\"@id\":\"https:\\\/\\\/www.cintropur.com\\\/fr\\\/#website\"},\"datePublished\":\"2020-04-18T12:27:09+00:00\",\"dateModified\":\"2024-08-27T13:58:13+00:00\",\"description\":\"Cette vis de purge \u00e9quip\u00e9e de son o-ring est pr\u00e9sente, sauf pour la gamme Smart Line, sur tous les filtres Cintropur.\",\"breadcrumb\":{\"@id\":\"https:\\\/\\\/www.cintropur.com\\\/fr\\\/product\\\/set-vis-et-o-ring\\\/#breadcrumb\"},\"inLanguage\":\"fr-FR\",\"potentialAction\":[{\"@type\":\"ReadAction\",\"target\":[\"https:\\\/\\\/www.cintropur.com\\\/fr\\\/product\\\/set-vis-et-o-ring\\\/\"]}]},{\"@type\":\"BreadcrumbList\",\"@id\":\"https:\\\/\\\/www.cintropur.com\\\/fr\\\/product\\\/set-vis-et-o-ring\\\/#breadcrumb\",\"itemListElement\":[{\"@type\":\"ListItem\",\"position\":1,\"name\":\"Home\",\"item\":\"https:\\\/\\\/www.cintropur.com\\\/fr\\\/\"},{\"@type\":\"ListItem\",\"position\":2,\"name\":\"Vis purgeur simple NW 18-800\"}]},{\"@type\":\"WebSite\",\"@id\":\"https:\\\/\\\/www.cintropur.com\\\/fr\\\/#website\",\"url\":\"https:\\\/\\\/www.cintropur.com\\\/fr\\\/\",\"name\":\"Cintropur\",\"description\":\"\",\"potentialAction\":[{\"@type\":\"SearchAction\",\"target\":{\"@type\":\"EntryPoint\",\"urlTemplate\":\"https:\\\/\\\/www.cintropur.com\\\/fr\\\/?s={search_term_string}\"},\"query-input\":{\"@type\":\"PropertyValueSpecification\",\"valueRequired\":true,\"valueName\":\"search_term_string\"}}],\"inLanguage\":\"fr-FR\"}]}<\/script>\n<!-- \/ Yoast SEO plugin. -->","yoast_head_json":{"title":"Vis purgeur simple NW 18-800 - Cintropur","description":"Cette vis de purge \u00e9quip\u00e9e de son o-ring est pr\u00e9sente, sauf pour la gamme Smart Line, sur tous les filtres Cintropur.","robots":{"index":"index","follow":"follow","max-snippet":"max-snippet:-1","max-image-preview":"max-image-preview:large","max-video-preview":"max-video-preview:-1"},"canonical":"https:\/\/www.cintropur.com\/fr\/product\/set-vis-et-o-ring\/","og_locale":"fr_FR","og_type":"article","og_title":"Vis purgeur simple NW 18-800 - Cintropur","og_description":"Cette vis de purge \u00e9quip\u00e9e de son o-ring est pr\u00e9sente, sauf pour la gamme Smart Line, sur tous les filtres Cintropur.","og_url":"https:\/\/www.cintropur.com\/fr\/product\/set-vis-et-o-ring\/","og_site_name":"Cintropur","article_modified_time":"2024-08-27T13:58:13+00:00","twitter_card":"summary_large_image","schema":{"@context":"https:\/\/schema.org","@graph":[{"@type":"WebPage","@id":"https:\/\/www.cintropur.com\/fr\/product\/set-vis-et-o-ring\/","url":"https:\/\/www.cintropur.com\/fr\/product\/set-vis-et-o-ring\/","name":"Vis purgeur simple NW 18-800 - Cintropur","isPartOf":{"@id":"https:\/\/www.cintropur.com\/fr\/#website"},"datePublished":"2020-04-18T12:27:09+00:00","dateModified":"2024-08-27T13:58:13+00:00","description":"Cette vis de purge \u00e9quip\u00e9e de son o-ring est pr\u00e9sente, sauf pour la gamme Smart Line, sur tous les filtres Cintropur.","breadcrumb":{"@id":"https:\/\/www.cintropur.com\/fr\/product\/set-vis-et-o-ring\/#breadcrumb"},"inLanguage":"fr-FR","potentialAction":[{"@type":"ReadAction","target":["https:\/\/www.cintropur.com\/fr\/product\/set-vis-et-o-ring\/"]}]},{"@type":"BreadcrumbList","@id":"https:\/\/www.cintropur.com\/fr\/product\/set-vis-et-o-ring\/#breadcrumb","itemListElement":[{"@type":"ListItem","position":1,"name":"Home","item":"https:\/\/www.cintropur.com\/fr\/"},{"@type":"ListItem","position":2,"name":"Vis purgeur simple NW 18-800"}]},{"@type":"WebSite","@id":"https:\/\/www.cintropur.com\/fr\/#website","url":"https:\/\/www.cintropur.com\/fr\/","name":"Cintropur","description":"","potentialAction":[{"@type":"SearchAction","target":{"@type":"EntryPoint","urlTemplate":"https:\/\/www.cintropur.com\/fr\/?s={search_term_string}"},"query-input":{"@type":"PropertyValueSpecification","valueRequired":true,"valueName":"search_term_string"}}],"inLanguage":"fr-FR"}]}},"_links":{"self":[{"href":"https:\/\/www.cintropur.com\/fr\/wp-json\/wp\/v2\/product\/3747","targetHints":{"allow":["GET"]}}],"collection":[{"href":"https:\/\/www.cintropur.com\/fr\/wp-json\/wp\/v2\/product"}],"about":[{"href":"https:\/\/www.cintropur.com\/fr\/wp-json\/wp\/v2\/types\/product"}],"wp:attachment":[{"href":"https:\/\/www.cintropur.com\/fr\/wp-json\/wp\/v2\/media?parent=3747"}],"wp:term":[{"taxonomy":"productcat","embeddable":true,"href":"https:\/\/www.cintropur.com\/fr\/wp-json\/wp\/v2\/productcat?post=3747"},{"taxonomy":"sector","embeddable":true,"href":"https:\/\/www.cintropur.com\/fr\/wp-json\/wp\/v2\/sector?post=3747"},{"taxonomy":"application","embeddable":true,"href":"https:\/\/www.cintropur.com\/fr\/wp-json\/wp\/v2\/application?post=3747"}],"curies":[{"name":"wp","href":"https:\/\/api.w.org\/{rel}","templated":true}]}}