{"id":3911,"date":"2020-04-18T14:27:08","date_gmt":"2020-04-18T12:27:08","guid":{"rendered":"https:\/\/www.cintropur.com\/product\/uv-lamp-40w\/"},"modified":"2024-08-28T10:10:51","modified_gmt":"2024-08-28T08:10:51","slug":"lampe-uv-pour-sterilisateurs-de-chez-cintropur","status":"publish","type":"product","link":"https:\/\/www.cintropur.com\/fr\/product\/lampe-uv-pour-sterilisateurs-de-chez-cintropur\/","title":{"rendered":"Lampe UV 4100 40W"},"content":{"rendered":"","protected":false},"template":"","productcat":[34,36,39],"sector":[61],"application":[68,69,70],"class_list":["post-3911","product","type-product","status-publish","hentry","productcat-consommables","productcat-residential-domestical-smart-line","productcat-water-sterilization-by-uv-radiation-uv-sterilizers-fr","sector-domestical-fr","application-rain-water-fr","application-spring-water-fr","application-well-water-fr"],"acf":[],"yoast_head":"<!-- This site is optimized with the Yoast SEO plugin v27.3 - https:\/\/yoast.com\/product\/yoast-seo-wordpress\/ -->\n<title>Lampe UV 4100 40W - Cintropur<\/title>\n<meta name=\"description\" content=\"Cette lampe UV doit \u00eatre remplac\u00e9e annuellement et maintenue allum\u00e9e en permanence, Efficacit\u00e9 assur\u00e9e si pas d&#039;empreinte de doigt.\" \/>\n<meta name=\"robots\" content=\"index, follow, max-snippet:-1, max-image-preview:large, max-video-preview:-1\" \/>\n<link rel=\"canonical\" href=\"https:\/\/www.cintropur.com\/fr\/product\/lampe-uv-pour-sterilisateurs-de-chez-cintropur\/\" \/>\n<meta property=\"og:locale\" content=\"fr_FR\" \/>\n<meta property=\"og:type\" content=\"article\" \/>\n<meta property=\"og:title\" content=\"Lampe UV 4100 40W - Cintropur\" \/>\n<meta property=\"og:description\" content=\"Cette lampe UV doit \u00eatre remplac\u00e9e annuellement et maintenue allum\u00e9e en permanence, Efficacit\u00e9 assur\u00e9e si pas d&#039;empreinte de doigt.\" \/>\n<meta property=\"og:url\" content=\"https:\/\/www.cintropur.com\/fr\/product\/lampe-uv-pour-sterilisateurs-de-chez-cintropur\/\" \/>\n<meta property=\"og:site_name\" content=\"Cintropur\" \/>\n<meta property=\"article:modified_time\" content=\"2024-08-28T08:10:51+00:00\" \/>\n<meta name=\"twitter:card\" content=\"summary_large_image\" \/>\n<script type=\"application\/ld+json\" class=\"yoast-schema-graph\">{\"@context\":\"https:\\\/\\\/schema.org\",\"@graph\":[{\"@type\":\"WebPage\",\"@id\":\"https:\\\/\\\/www.cintropur.com\\\/fr\\\/product\\\/lampe-uv-pour-sterilisateurs-de-chez-cintropur\\\/\",\"url\":\"https:\\\/\\\/www.cintropur.com\\\/fr\\\/product\\\/lampe-uv-pour-sterilisateurs-de-chez-cintropur\\\/\",\"name\":\"Lampe UV 4100 40W - Cintropur\",\"isPartOf\":{\"@id\":\"https:\\\/\\\/www.cintropur.com\\\/fr\\\/#website\"},\"datePublished\":\"2020-04-18T12:27:08+00:00\",\"dateModified\":\"2024-08-28T08:10:51+00:00\",\"description\":\"Cette lampe UV doit \u00eatre remplac\u00e9e annuellement et maintenue allum\u00e9e en permanence, Efficacit\u00e9 assur\u00e9e si pas d'empreinte de doigt.\",\"breadcrumb\":{\"@id\":\"https:\\\/\\\/www.cintropur.com\\\/fr\\\/product\\\/lampe-uv-pour-sterilisateurs-de-chez-cintropur\\\/#breadcrumb\"},\"inLanguage\":\"fr-FR\",\"potentialAction\":[{\"@type\":\"ReadAction\",\"target\":[\"https:\\\/\\\/www.cintropur.com\\\/fr\\\/product\\\/lampe-uv-pour-sterilisateurs-de-chez-cintropur\\\/\"]}]},{\"@type\":\"BreadcrumbList\",\"@id\":\"https:\\\/\\\/www.cintropur.com\\\/fr\\\/product\\\/lampe-uv-pour-sterilisateurs-de-chez-cintropur\\\/#breadcrumb\",\"itemListElement\":[{\"@type\":\"ListItem\",\"position\":1,\"name\":\"Home\",\"item\":\"https:\\\/\\\/www.cintropur.com\\\/fr\\\/\"},{\"@type\":\"ListItem\",\"position\":2,\"name\":\"Lampe UV 4100 40W\"}]},{\"@type\":\"WebSite\",\"@id\":\"https:\\\/\\\/www.cintropur.com\\\/fr\\\/#website\",\"url\":\"https:\\\/\\\/www.cintropur.com\\\/fr\\\/\",\"name\":\"Cintropur\",\"description\":\"\",\"potentialAction\":[{\"@type\":\"SearchAction\",\"target\":{\"@type\":\"EntryPoint\",\"urlTemplate\":\"https:\\\/\\\/www.cintropur.com\\\/fr\\\/?s={search_term_string}\"},\"query-input\":{\"@type\":\"PropertyValueSpecification\",\"valueRequired\":true,\"valueName\":\"search_term_string\"}}],\"inLanguage\":\"fr-FR\"}]}<\/script>\n<!-- \/ Yoast SEO plugin. -->","yoast_head_json":{"title":"Lampe UV 4100 40W - Cintropur","description":"Cette lampe UV doit \u00eatre remplac\u00e9e annuellement et maintenue allum\u00e9e en permanence, Efficacit\u00e9 assur\u00e9e si pas d'empreinte de doigt.","robots":{"index":"index","follow":"follow","max-snippet":"max-snippet:-1","max-image-preview":"max-image-preview:large","max-video-preview":"max-video-preview:-1"},"canonical":"https:\/\/www.cintropur.com\/fr\/product\/lampe-uv-pour-sterilisateurs-de-chez-cintropur\/","og_locale":"fr_FR","og_type":"article","og_title":"Lampe UV 4100 40W - Cintropur","og_description":"Cette lampe UV doit \u00eatre remplac\u00e9e annuellement et maintenue allum\u00e9e en permanence, Efficacit\u00e9 assur\u00e9e si pas d'empreinte de doigt.","og_url":"https:\/\/www.cintropur.com\/fr\/product\/lampe-uv-pour-sterilisateurs-de-chez-cintropur\/","og_site_name":"Cintropur","article_modified_time":"2024-08-28T08:10:51+00:00","twitter_card":"summary_large_image","schema":{"@context":"https:\/\/schema.org","@graph":[{"@type":"WebPage","@id":"https:\/\/www.cintropur.com\/fr\/product\/lampe-uv-pour-sterilisateurs-de-chez-cintropur\/","url":"https:\/\/www.cintropur.com\/fr\/product\/lampe-uv-pour-sterilisateurs-de-chez-cintropur\/","name":"Lampe UV 4100 40W - Cintropur","isPartOf":{"@id":"https:\/\/www.cintropur.com\/fr\/#website"},"datePublished":"2020-04-18T12:27:08+00:00","dateModified":"2024-08-28T08:10:51+00:00","description":"Cette lampe UV doit \u00eatre remplac\u00e9e annuellement et maintenue allum\u00e9e en permanence, Efficacit\u00e9 assur\u00e9e si pas d'empreinte de doigt.","breadcrumb":{"@id":"https:\/\/www.cintropur.com\/fr\/product\/lampe-uv-pour-sterilisateurs-de-chez-cintropur\/#breadcrumb"},"inLanguage":"fr-FR","potentialAction":[{"@type":"ReadAction","target":["https:\/\/www.cintropur.com\/fr\/product\/lampe-uv-pour-sterilisateurs-de-chez-cintropur\/"]}]},{"@type":"BreadcrumbList","@id":"https:\/\/www.cintropur.com\/fr\/product\/lampe-uv-pour-sterilisateurs-de-chez-cintropur\/#breadcrumb","itemListElement":[{"@type":"ListItem","position":1,"name":"Home","item":"https:\/\/www.cintropur.com\/fr\/"},{"@type":"ListItem","position":2,"name":"Lampe UV 4100 40W"}]},{"@type":"WebSite","@id":"https:\/\/www.cintropur.com\/fr\/#website","url":"https:\/\/www.cintropur.com\/fr\/","name":"Cintropur","description":"","potentialAction":[{"@type":"SearchAction","target":{"@type":"EntryPoint","urlTemplate":"https:\/\/www.cintropur.com\/fr\/?s={search_term_string}"},"query-input":{"@type":"PropertyValueSpecification","valueRequired":true,"valueName":"search_term_string"}}],"inLanguage":"fr-FR"}]}},"_links":{"self":[{"href":"https:\/\/www.cintropur.com\/fr\/wp-json\/wp\/v2\/product\/3911","targetHints":{"allow":["GET"]}}],"collection":[{"href":"https:\/\/www.cintropur.com\/fr\/wp-json\/wp\/v2\/product"}],"about":[{"href":"https:\/\/www.cintropur.com\/fr\/wp-json\/wp\/v2\/types\/product"}],"wp:attachment":[{"href":"https:\/\/www.cintropur.com\/fr\/wp-json\/wp\/v2\/media?parent=3911"}],"wp:term":[{"taxonomy":"productcat","embeddable":true,"href":"https:\/\/www.cintropur.com\/fr\/wp-json\/wp\/v2\/productcat?post=3911"},{"taxonomy":"sector","embeddable":true,"href":"https:\/\/www.cintropur.com\/fr\/wp-json\/wp\/v2\/sector?post=3911"},{"taxonomy":"application","embeddable":true,"href":"https:\/\/www.cintropur.com\/fr\/wp-json\/wp\/v2\/application?post=3911"}],"curies":[{"name":"wp","href":"https:\/\/api.w.org\/{rel}","templated":true}]}}