{"id":9640,"date":"2022-11-29T09:45:23","date_gmt":"2022-11-29T08:45:23","guid":{"rendered":"https:\/\/www.cintropur.com\/?post_type=product&#038;p=9640"},"modified":"2024-08-27T13:50:45","modified_gmt":"2024-08-27T11:50:45","slug":"la-cartouche-en-acier-inoxidable-chez-cintropur","status":"publish","type":"product","link":"https:\/\/www.cintropur.com\/fr\/product\/la-cartouche-en-acier-inoxidable-chez-cintropur\/","title":{"rendered":"Tamis inox 50 \u00b5m NW 500\/650\/800 + support + h\u00e9lice + couvercle"},"content":{"rendered":"","protected":false},"template":"","productcat":[],"sector":[],"application":[],"class_list":["post-9640","product","type-product","status-publish","hentry"],"acf":[],"yoast_head":"<!-- This site is optimized with the Yoast SEO plugin v27.3 - https:\/\/yoast.com\/product\/yoast-seo-wordpress\/ -->\n<title>Tamis inox 50 \u00b5m NW 500\/650\/800 + support + h\u00e9lice + couvercle - Cintropur<\/title>\n<meta name=\"description\" content=\"Vous \u00eates \u00e0 la recherche d&#039;une filtration en inox pour votre application industrielle ? Les filtres NW500, 650 et 800 en sont \u00e9quip\u00e9s !\" \/>\n<meta name=\"robots\" content=\"index, follow, max-snippet:-1, max-image-preview:large, max-video-preview:-1\" \/>\n<link rel=\"canonical\" href=\"https:\/\/www.cintropur.com\/fr\/product\/la-cartouche-en-acier-inoxidable-chez-cintropur\/\" \/>\n<meta property=\"og:locale\" content=\"fr_FR\" \/>\n<meta property=\"og:type\" content=\"article\" \/>\n<meta property=\"og:title\" content=\"Tamis inox 50 \u00b5m NW 500\/650\/800 + support + h\u00e9lice + couvercle - Cintropur\" \/>\n<meta property=\"og:description\" content=\"Vous \u00eates \u00e0 la recherche d&#039;une filtration en inox pour votre application industrielle ? Les filtres NW500, 650 et 800 en sont \u00e9quip\u00e9s !\" \/>\n<meta property=\"og:url\" content=\"https:\/\/www.cintropur.com\/fr\/product\/la-cartouche-en-acier-inoxidable-chez-cintropur\/\" \/>\n<meta property=\"og:site_name\" content=\"Cintropur\" \/>\n<meta property=\"article:modified_time\" content=\"2024-08-27T11:50:45+00:00\" \/>\n<meta name=\"twitter:card\" content=\"summary_large_image\" \/>\n<script type=\"application\/ld+json\" class=\"yoast-schema-graph\">{\"@context\":\"https:\\\/\\\/schema.org\",\"@graph\":[{\"@type\":\"WebPage\",\"@id\":\"https:\\\/\\\/www.cintropur.com\\\/fr\\\/product\\\/la-cartouche-en-acier-inoxidable-chez-cintropur\\\/\",\"url\":\"https:\\\/\\\/www.cintropur.com\\\/fr\\\/product\\\/la-cartouche-en-acier-inoxidable-chez-cintropur\\\/\",\"name\":\"Tamis inox 50 \u00b5m NW 500\\\/650\\\/800 + support + h\u00e9lice + couvercle - Cintropur\",\"isPartOf\":{\"@id\":\"https:\\\/\\\/www.cintropur.com\\\/fr\\\/#website\"},\"datePublished\":\"2022-11-29T08:45:23+00:00\",\"dateModified\":\"2024-08-27T11:50:45+00:00\",\"description\":\"Vous \u00eates \u00e0 la recherche d'une filtration en inox pour votre application industrielle ? Les filtres NW500, 650 et 800 en sont \u00e9quip\u00e9s !\",\"breadcrumb\":{\"@id\":\"https:\\\/\\\/www.cintropur.com\\\/fr\\\/product\\\/la-cartouche-en-acier-inoxidable-chez-cintropur\\\/#breadcrumb\"},\"inLanguage\":\"fr-FR\",\"potentialAction\":[{\"@type\":\"ReadAction\",\"target\":[\"https:\\\/\\\/www.cintropur.com\\\/fr\\\/product\\\/la-cartouche-en-acier-inoxidable-chez-cintropur\\\/\"]}]},{\"@type\":\"BreadcrumbList\",\"@id\":\"https:\\\/\\\/www.cintropur.com\\\/fr\\\/product\\\/la-cartouche-en-acier-inoxidable-chez-cintropur\\\/#breadcrumb\",\"itemListElement\":[{\"@type\":\"ListItem\",\"position\":1,\"name\":\"Home\",\"item\":\"https:\\\/\\\/www.cintropur.com\\\/fr\\\/\"},{\"@type\":\"ListItem\",\"position\":2,\"name\":\"Tamis inox 50 \u00b5m NW 500\\\/650\\\/800 + support + h\u00e9lice + couvercle\"}]},{\"@type\":\"WebSite\",\"@id\":\"https:\\\/\\\/www.cintropur.com\\\/fr\\\/#website\",\"url\":\"https:\\\/\\\/www.cintropur.com\\\/fr\\\/\",\"name\":\"Cintropur\",\"description\":\"\",\"potentialAction\":[{\"@type\":\"SearchAction\",\"target\":{\"@type\":\"EntryPoint\",\"urlTemplate\":\"https:\\\/\\\/www.cintropur.com\\\/fr\\\/?s={search_term_string}\"},\"query-input\":{\"@type\":\"PropertyValueSpecification\",\"valueRequired\":true,\"valueName\":\"search_term_string\"}}],\"inLanguage\":\"fr-FR\"}]}<\/script>\n<!-- \/ Yoast SEO plugin. -->","yoast_head_json":{"title":"Tamis inox 50 \u00b5m NW 500\/650\/800 + support + h\u00e9lice + couvercle - Cintropur","description":"Vous \u00eates \u00e0 la recherche d'une filtration en inox pour votre application industrielle ? Les filtres NW500, 650 et 800 en sont \u00e9quip\u00e9s !","robots":{"index":"index","follow":"follow","max-snippet":"max-snippet:-1","max-image-preview":"max-image-preview:large","max-video-preview":"max-video-preview:-1"},"canonical":"https:\/\/www.cintropur.com\/fr\/product\/la-cartouche-en-acier-inoxidable-chez-cintropur\/","og_locale":"fr_FR","og_type":"article","og_title":"Tamis inox 50 \u00b5m NW 500\/650\/800 + support + h\u00e9lice + couvercle - Cintropur","og_description":"Vous \u00eates \u00e0 la recherche d'une filtration en inox pour votre application industrielle ? Les filtres NW500, 650 et 800 en sont \u00e9quip\u00e9s !","og_url":"https:\/\/www.cintropur.com\/fr\/product\/la-cartouche-en-acier-inoxidable-chez-cintropur\/","og_site_name":"Cintropur","article_modified_time":"2024-08-27T11:50:45+00:00","twitter_card":"summary_large_image","schema":{"@context":"https:\/\/schema.org","@graph":[{"@type":"WebPage","@id":"https:\/\/www.cintropur.com\/fr\/product\/la-cartouche-en-acier-inoxidable-chez-cintropur\/","url":"https:\/\/www.cintropur.com\/fr\/product\/la-cartouche-en-acier-inoxidable-chez-cintropur\/","name":"Tamis inox 50 \u00b5m NW 500\/650\/800 + support + h\u00e9lice + couvercle - Cintropur","isPartOf":{"@id":"https:\/\/www.cintropur.com\/fr\/#website"},"datePublished":"2022-11-29T08:45:23+00:00","dateModified":"2024-08-27T11:50:45+00:00","description":"Vous \u00eates \u00e0 la recherche d'une filtration en inox pour votre application industrielle ? Les filtres NW500, 650 et 800 en sont \u00e9quip\u00e9s !","breadcrumb":{"@id":"https:\/\/www.cintropur.com\/fr\/product\/la-cartouche-en-acier-inoxidable-chez-cintropur\/#breadcrumb"},"inLanguage":"fr-FR","potentialAction":[{"@type":"ReadAction","target":["https:\/\/www.cintropur.com\/fr\/product\/la-cartouche-en-acier-inoxidable-chez-cintropur\/"]}]},{"@type":"BreadcrumbList","@id":"https:\/\/www.cintropur.com\/fr\/product\/la-cartouche-en-acier-inoxidable-chez-cintropur\/#breadcrumb","itemListElement":[{"@type":"ListItem","position":1,"name":"Home","item":"https:\/\/www.cintropur.com\/fr\/"},{"@type":"ListItem","position":2,"name":"Tamis inox 50 \u00b5m NW 500\/650\/800 + support + h\u00e9lice + couvercle"}]},{"@type":"WebSite","@id":"https:\/\/www.cintropur.com\/fr\/#website","url":"https:\/\/www.cintropur.com\/fr\/","name":"Cintropur","description":"","potentialAction":[{"@type":"SearchAction","target":{"@type":"EntryPoint","urlTemplate":"https:\/\/www.cintropur.com\/fr\/?s={search_term_string}"},"query-input":{"@type":"PropertyValueSpecification","valueRequired":true,"valueName":"search_term_string"}}],"inLanguage":"fr-FR"}]}},"_links":{"self":[{"href":"https:\/\/www.cintropur.com\/fr\/wp-json\/wp\/v2\/product\/9640","targetHints":{"allow":["GET"]}}],"collection":[{"href":"https:\/\/www.cintropur.com\/fr\/wp-json\/wp\/v2\/product"}],"about":[{"href":"https:\/\/www.cintropur.com\/fr\/wp-json\/wp\/v2\/types\/product"}],"wp:attachment":[{"href":"https:\/\/www.cintropur.com\/fr\/wp-json\/wp\/v2\/media?parent=9640"}],"wp:term":[{"taxonomy":"productcat","embeddable":true,"href":"https:\/\/www.cintropur.com\/fr\/wp-json\/wp\/v2\/productcat?post=9640"},{"taxonomy":"sector","embeddable":true,"href":"https:\/\/www.cintropur.com\/fr\/wp-json\/wp\/v2\/sector?post=9640"},{"taxonomy":"application","embeddable":true,"href":"https:\/\/www.cintropur.com\/fr\/wp-json\/wp\/v2\/application?post=9640"}],"curies":[{"name":"wp","href":"https:\/\/api.w.org\/{rel}","templated":true}]}}